{"id":123,"date":"2021-09-22T13:31:08","date_gmt":"2021-09-22T13:31:08","guid":{"rendered":"https:\/\/cornelia-fink.dikonzept.net\/?page_id=123"},"modified":"2021-09-22T13:31:08","modified_gmt":"2021-09-22T13:31:08","slug":"impressum","status":"publish","type":"page","link":"https:\/\/cfink.dikonzept.cloud\/?page_id=123","title":{"rendered":"Impressum"},"content":{"rendered":"<p>[et_pb_section fb_built=&#8221;1&#8243; admin_label=&#8221;Hero Section&#8221; _builder_version=&#8221;4.15&#8243; background_color=&#8221;#a76660&#8243; use_background_color_gradient=&#8221;on&#8221; background_color_gradient_start=&#8221;#a76660&#8243; background_color_gradient_end=&#8221;#cc8c82&#8243; background_color_gradient_direction=&#8221;135deg&#8221; background_color_gradient_start_position=&#8221;30%&#8221; min_height=&#8221;500px&#8221; custom_padding=&#8221;40px|0px|100px|0px||&#8221; animation_style=&#8221;slide&#8221; animation_direction=&#8221;top&#8221; animation_intensity_slide=&#8221;2%&#8221; animation_starting_opacity=&#8221;100%&#8221; global_colors_info=&#8221;{}&#8221;][et_pb_row column_structure=&#8221;3_5,2_5&#8243; disabled_on=&#8221;off|off|off&#8221; _builder_version=&#8221;4.15&#8243; width=&#8221;95%&#8221; custom_margin=&#8221;||||false|false&#8221; custom_padding=&#8221;||57px|||&#8221; use_custom_width=&#8221;on&#8221; custom_width_px=&#8221;1440px&#8221; global_colors_info=&#8221;{}&#8221;][et_pb_column type=&#8221;3_5&#8243; _builder_version=&#8221;4.15&#8243; custom_padding=&#8221;10px||||false|false&#8221; global_colors_info=&#8221;{}&#8221; custom_padding__hover=&#8221;|||&#8221;][et_pb_image src=&#8221;http:\/\/cfink.dikonzept.cloud\/wp-content\/uploads\/2021\/10\/Cornelia-C-Fink-Stimmwege.jpg&#8221; title_text=&#8221;Cornelia-C-Fink-Stimmwege&#8221; show_bottom_space=&#8221;off&#8221; force_fullwidth=&#8221;on&#8221; disabled_on=&#8221;off|off|off&#8221; _builder_version=&#8221;4.15&#8243; width_tablet=&#8221;100%&#8221; width_phone=&#8221;&#8221; width_last_edited=&#8221;on|phone&#8221; custom_margin=&#8221;-39px||39px||false|false&#8221; animation_style=&#8221;slide&#8221; animation_direction=&#8221;left&#8221; animation_intensity_slide=&#8221;5%&#8221; animation_starting_opacity=&#8221;100%&#8221; always_center_on_mobile=&#8221;off&#8221; global_colors_info=&#8221;{}&#8221;][\/et_pb_image][\/et_pb_column][et_pb_column type=&#8221;2_5&#8243; _builder_version=&#8221;4.15&#8243; custom_padding=&#8221;10px||||false|false&#8221; global_colors_info=&#8221;{}&#8221; custom_padding__hover=&#8221;|||&#8221;][et_pb_text _builder_version=&#8221;4.15&#8243; _module_preset=&#8221;default&#8221; text_text_color=&#8221;#FFFFFF&#8221; text_font_size=&#8221;35px&#8221; text_line_height=&#8221;2.9em&#8221; header_font=&#8221;Montez||||||||&#8221; header_text_color=&#8221;#FFFFFF&#8221; header_font_size=&#8221;73px&#8221; header_2_font=&#8221;||||||||&#8221; header_2_text_color=&#8221;#FFFFFF&#8221; header_2_font_size=&#8221;62px&#8221; header_3_text_color=&#8221;#FFFFFF&#8221; header_3_font_size=&#8221;26px&#8221; header_4_text_color=&#8221;#FFFFFF&#8221; custom_margin=&#8221;-12px||6px|0px|false|false&#8221; custom_margin_tablet=&#8221;|||0px|false|false&#8221; custom_margin_phone=&#8221;&#8221; custom_margin_last_edited=&#8221;on|phone&#8221; custom_padding=&#8221;||11px|||&#8221; text_font_size_tablet=&#8221;&#8221; text_font_size_phone=&#8221;30px&#8221; text_font_size_last_edited=&#8221;on|phone&#8221; global_colors_info=&#8221;{}&#8221;]<\/p>\n<h2>Impressum<\/h2>\n<p>[\/et_pb_text][et_pb_divider color=&#8221;#f7d584&#8243; divider_weight=&#8221;3px&#8221; disabled_on=&#8221;on|on|off&#8221; _builder_version=&#8221;4.15&#8243; max_width=&#8221;80px&#8221; module_alignment=&#8221;left&#8221; height=&#8221;10px&#8221; custom_margin=&#8221;||20px|&#8221; animation_style=&#8221;slide&#8221; animation_direction=&#8221;bottom&#8221; saved_tabs=&#8221;all&#8221; locked=&#8221;off&#8221; global_colors_info=&#8221;{}&#8221;][\/et_pb_divider][et_pb_text _builder_version=&#8221;4.15&#8243; _module_preset=&#8221;default&#8221; text_font_size=&#8221;18px&#8221; custom_margin=&#8221;34px|||0px|false|false&#8221; global_colors_info=&#8221;{}&#8221;]<\/p>\n<h3><span style=\"color: #ffffff;\">Cornelia C. Fink<\/span><\/h3>\n<p><span style=\"color: #ffffff;\">S\u00e4ngerin, Stimmtrainerin, StimmCoach<\/span><br \/>\n<span style=\"color: #ffffff;\">Schlesierstra\u00dfe 8<\/span><br \/>\n<span style=\"color: #ffffff;\">97078 W\u00fcrzburg<\/span><\/p>\n<p><span style=\"color: #ffffff;\">Kontakt:<\/span><br \/>\n<span style=\"color: #ffffff;\">Telefon (09 31) 2 47 86<\/span><br \/>\n<span style=\"color: #ffffff;\">E-Mail: ccf@stimmwege.de<\/span>[\/et_pb_text][\/et_pb_column][\/et_pb_row][\/et_pb_section][et_pb_section fb_built=&#8221;1&#8243; _builder_version=&#8221;4.15&#8243; _module_preset=&#8221;default&#8221; global_colors_info=&#8221;{}&#8221;][et_pb_row _builder_version=&#8221;4.15&#8243; _module_preset=&#8221;default&#8221; global_colors_info=&#8221;{}&#8221;][et_pb_column type=&#8221;4_4&#8243; _builder_version=&#8221;4.15&#8243; _module_preset=&#8221;default&#8221; global_colors_info=&#8221;{}&#8221;][et_pb_text _builder_version=&#8221;4.15&#8243; _module_preset=&#8221;default&#8221; global_colors_info=&#8221;{}&#8221;]<\/p>\n<p><strong>Verantwortlich f\u00fcr die Inhalte: Cornelia C. Fink<\/strong><\/p>\n<p><strong><\/strong><\/p>\n<p><strong>Haftung f\u00fcr Links<\/strong><\/p>\n<p>Unser Angebot enth\u00e4lt Links zu Webseiten Dritter. Obwohl wir die Inhalte bei der Einbindung sorgf\u00e4ltig gepr\u00fcft haben, k\u00f6nnen wir f\u00fcr die Inhalte keine Gew\u00e4hrleistung \u00fcbernehmen. F\u00fcr die Inhalte der verlinkten Seiten ist stets der jeweilige Anbieter oder Betreiber der Seiten verantwortlich. Zum Zeitpunkt der Verlinkung waren Rechtsverst\u00f6\u00dfe der von uns verlinkten Seiten nicht vorhanden oder f\u00fcr uns erkennbar. Bei Bekanntwerden von Rechtsverletzungen werden wir derartige Links umgehend von unseren Seiten entfernen.<\/p>\n<p><strong>Urheberrecht<\/strong><\/p>\n<p>&#8220;Alle Texte werden von mir geschrieben und d\u00fcrfen selbstverst\u00e4ndlich nicht ohne meine Genehmigung \u00fcbernommen oder kopiert werden \u2013 auch nicht ausschnittsweise oder in so genannte \u201cNews-Aggregatoren\u201d. Bitte fragen Sie mich zuerst!&#8221;<\/p>\n<p>Die durch die Seitenbetreiber erstellten Inhalte und Werke auf diesen Seiten unterliegen dem deutschen Urheberrecht. Die Vervielf\u00e4ltigung, Bearbeitung, Verbreitung und jede Art der Verwertung au\u00dferhalb der Grenzen des Urheberrechtes bed\u00fcrfen der schriftlichen Zustimmung des jeweiligen Autors bzw. Erstellers. Downloads und Kopien dieser Seite sind nur f\u00fcr den privaten, nicht kommerziellen Gebrauch gestattet.\u00a0 Sollten Sie trotzdem auf eine Urheberrechtsverletzung aufmerksam werden, bitten wir um einen entsprechenden Hinweis. Bei Bekanntwerden von Rechtsverletzungen werden wir derartige Inhalte umgehend entfernen.<\/p>\n<p><strong>Bilderrechte<\/strong><\/p>\n<p>Ich danke Matyas Varga (Fotografie &amp; Design:\u00a0<span>\u00a0<a href=\"http:\/\/www.matyas-varga.com\/\" target=\"_blank\" rel=\"noopener noreferrer\" data-auth=\"NotApplicable\" data-linkindex=\"2\">www.<span data-markjs=\"true\" class=\"markloma5kdyy\" data-ogac=\"\" data-ogab=\"\" data-ogsc=\"\" data-ogsb=\"\">matyas<\/span>-varga.com<\/a>)<\/span>\u00a0f\u00fcr die wunderbaren Bilder, die er von mir gemacht hat.<\/p>\n<p>Au\u00dferdem enth\u00e4lt diese Seite Bilder folgender Fotoagenturen: 123rf.com, Adobe Stock.<\/p>\n<p><strong>Webdesign<\/strong><\/p>\n<h4><strong>Diese Seite wurde erstellt von:<\/strong><\/h4>\n<p><a href=\"https:\/\/dikonzept.de\/\"><img decoding=\"async\" src=\"http:\/\/cfink.dikonzept.cloud\/wp-content\/uploads\/2021\/10\/Admin-Vk-300x188-1.jpg\" width=\"300\" height=\"188\" alt=\"\" class=\"wp-image-245 alignleft size-medium lazyloaded\" data-src=\"http:\/\/cfink.dikonzept.cloud\/wp-content\/uploads\/2021\/10\/Admin-Vk-300x188-1.jpg\" loading=\"lazy\" \/><\/a>DiKONZEPT \u2013 Agentur f\u00fcr Marketing &amp; Webdesign<br \/>Marktplatz 12<br \/>91472 Ipsheim<\/p>\n<p>Tel. (0 98 46) 9 77 84 51<br \/>info@dikonzept.de<\/p>\n<p>Web:<span>\u00a0<\/span><a href=\"https:\/\/dikonzept.de\/\" target=\"_blank\" rel=\"noopener\">https:\/\/dikonzept.de<\/a><\/p>\n<p>&nbsp;<\/p>\n<p>[\/et_pb_text][\/et_pb_column][\/et_pb_row][\/et_pb_section]<\/p>\n","protected":false},"excerpt":{"rendered":"<p>ImpressumCornelia C. Fink S\u00e4ngerin, Stimmtrainerin, StimmCoach Schlesierstra\u00dfe 8 97078 W\u00fcrzburg Kontakt: Telefon (09 31) 2 47 86 E-Mail: ccf@stimmwege.deVerantwortlich f\u00fcr [&hellip;]<\/p>\n","protected":false},"author":1,"featured_media":0,"parent":0,"menu_order":0,"comment_status":"closed","ping_status":"closed","template":"","meta":{"_et_pb_use_builder":"on","_et_pb_old_content":"","_et_gb_content_width":"","footnotes":""},"class_list":["post-123","page","type-page","status-publish","hentry"],"_links":{"self":[{"href":"https:\/\/cfink.dikonzept.cloud\/index.php?rest_route=\/wp\/v2\/pages\/123","targetHints":{"allow":["GET"]}}],"collection":[{"href":"https:\/\/cfink.dikonzept.cloud\/index.php?rest_route=\/wp\/v2\/pages"}],"about":[{"href":"https:\/\/cfink.dikonzept.cloud\/index.php?rest_route=\/wp\/v2\/types\/page"}],"author":[{"embeddable":true,"href":"https:\/\/cfink.dikonzept.cloud\/index.php?rest_route=\/wp\/v2\/users\/1"}],"replies":[{"embeddable":true,"href":"https:\/\/cfink.dikonzept.cloud\/index.php?rest_route=%2Fwp%2Fv2%2Fcomments&post=123"}],"version-history":[{"count":0,"href":"https:\/\/cfink.dikonzept.cloud\/index.php?rest_route=\/wp\/v2\/pages\/123\/revisions"}],"wp:attachment":[{"href":"https:\/\/cfink.dikonzept.cloud\/index.php?rest_route=%2Fwp%2Fv2%2Fmedia&parent=123"}],"curies":[{"name":"wp","href":"https:\/\/api.w.org\/{rel}","templated":true}]}}