{"id":23,"date":"2021-09-21T14:32:06","date_gmt":"2021-09-21T14:32:06","guid":{"rendered":"https:\/\/cornelia-fink.dikonzept.net\/?page_id=23"},"modified":"2021-09-21T14:32:06","modified_gmt":"2021-09-21T14:32:06","slug":"presseunterlagen","status":"publish","type":"page","link":"https:\/\/cfink.dikonzept.cloud\/?page_id=23","title":{"rendered":"Presseunterlagen"},"content":{"rendered":"<p>[et_pb_section fb_built=&#8221;1&#8243; _builder_version=&#8221;4.16&#8243; _module_preset=&#8221;default&#8221; use_background_color_gradient=&#8221;on&#8221; background_color_gradient_direction=&#8221;135deg&#8221; background_color_gradient_stops=&#8221;#a76660 30%|#cc8c82 100%&#8221; background_color_gradient_start=&#8221;#a76660&#8243; background_color_gradient_start_position=&#8221;30%&#8221; background_color_gradient_end=&#8221;#cc8c82&#8243; custom_padding=&#8221;100px||150px|||&#8221; global_colors_info=&#8221;{}&#8221;][et_pb_row column_structure=&#8221;1_2,1_2&#8243; _builder_version=&#8221;4.17.0&#8243; _module_preset=&#8221;default&#8221; width=&#8221;95%&#8221; global_colors_info=&#8221;{}&#8221;][et_pb_column type=&#8221;1_2&#8243; _builder_version=&#8221;4.16&#8243; _module_preset=&#8221;default&#8221; global_colors_info=&#8221;{}&#8221;][et_pb_image src=&#8221;http:\/\/cfink.dikonzept.cloud\/wp-content\/uploads\/2022\/01\/Cornelia-Fink-Stimmprofile.jpg&#8221; alt=&#8221;Cornelia-Fink&#8221; title_text=&#8221;Cornelia-Fink-Stimmprofile&#8221; _builder_version=&#8221;4.17.0&#8243; _module_preset=&#8221;default&#8221; width=&#8221;90%&#8221; custom_margin=&#8221;-104px|||||&#8221; custom_padding=&#8221;70px|||||&#8221; global_colors_info=&#8221;{}&#8221;][\/et_pb_image][\/et_pb_column][et_pb_column type=&#8221;1_2&#8243; _builder_version=&#8221;4.16&#8243; _module_preset=&#8221;default&#8221; global_colors_info=&#8221;{}&#8221;][et_pb_text _builder_version=&#8221;4.16&#8243; _module_preset=&#8221;default&#8221; text_text_color=&#8221;#FFFFFF&#8221; text_font_size=&#8221;35px&#8221; text_line_height=&#8221;2.9em&#8221; header_font=&#8221;Montez||||||||&#8221; header_text_color=&#8221;#FFFFFF&#8221; header_font_size=&#8221;73px&#8221; header_2_font=&#8221;||||||||&#8221; header_2_text_color=&#8221;#FFFFFF&#8221; header_2_font_size=&#8221;30px&#8221; header_3_text_color=&#8221;#FFFFFF&#8221; header_3_font_size=&#8221;24px&#8221; header_3_line_height=&#8221;1.5em&#8221; header_4_text_color=&#8221;#FFFFFF&#8221; custom_margin=&#8221;12px||||false|false&#8221; custom_margin_tablet=&#8221;|||0px|false|false&#8221; custom_margin_phone=&#8221;&#8221; custom_margin_last_edited=&#8221;on|phone&#8221; custom_padding=&#8221;||||false|false&#8221; text_font_size_tablet=&#8221;&#8221; text_font_size_phone=&#8221;30px&#8221; text_font_size_last_edited=&#8221;on|phone&#8221; global_colors_info=&#8221;{}&#8221;]<\/p>\n<h2 style=\"text-align: left;\">Herzlich Willkommen im Downloadbereich<\/h2>\n<p>[\/et_pb_text][et_pb_text _builder_version=&#8221;4.16&#8243; _module_preset=&#8221;default&#8221; text_text_color=&#8221;#FFFFFF&#8221; text_font_size=&#8221;35px&#8221; text_line_height=&#8221;2.9em&#8221; header_font=&#8221;Montez||||||||&#8221; header_text_color=&#8221;#FFFFFF&#8221; header_font_size=&#8221;73px&#8221; header_2_font=&#8221;||||||||&#8221; header_2_text_color=&#8221;#FFFFFF&#8221; header_2_font_size=&#8221;28px&#8221; header_2_line_height=&#8221;1.5em&#8221; header_3_text_color=&#8221;#FFFFFF&#8221; header_3_font_size=&#8221;24px&#8221; header_3_line_height=&#8221;1.5em&#8221; header_4_text_color=&#8221;#FFFFFF&#8221; custom_margin=&#8221;||||false|false&#8221; custom_margin_tablet=&#8221;|||0px|false|false&#8221; custom_margin_phone=&#8221;&#8221; custom_margin_last_edited=&#8221;on|phone&#8221; custom_padding=&#8221;||||false|false&#8221; text_font_size_tablet=&#8221;&#8221; text_font_size_phone=&#8221;30px&#8221; text_font_size_last_edited=&#8221;on|phone&#8221; global_colors_info=&#8221;{}&#8221;]<\/p>\n<h2 style=\"text-align: left;\">f\u00fcr Journalisten, Podcaster und Medien.<\/h2>\n<p>[\/et_pb_text][et_pb_divider color=&#8221;#f7d584&#8243; divider_weight=&#8221;3px&#8221; disabled_on=&#8221;on|on|off&#8221; _builder_version=&#8221;4.16&#8243; max_width=&#8221;80px&#8221; module_alignment=&#8221;center&#8221; height=&#8221;10px&#8221; custom_margin=&#8221;||20px|&#8221; animation_style=&#8221;slide&#8221; animation_direction=&#8221;bottom&#8221; saved_tabs=&#8221;all&#8221; locked=&#8221;off&#8221; global_colors_info=&#8221;{}&#8221;][\/et_pb_divider][et_pb_text _builder_version=&#8221;4.16&#8243; _module_preset=&#8221;default&#8221; text_text_color=&#8221;#FFFFFF&#8221; text_font_size=&#8221;20px&#8221; text_line_height=&#8221;1.5em&#8221; link_text_color=&#8221;#f7d584&#8243; custom_margin=&#8221;-34px||54px||false|false&#8221; custom_margin_tablet=&#8221;|||0px|false|false&#8221; custom_margin_phone=&#8221;&#8221; custom_margin_last_edited=&#8221;on|tablet&#8221; custom_padding=&#8221;30px||1px|0px||&#8221; global_colors_info=&#8221;{}&#8221;]<\/p>\n<p>Hier finden Sie Bilder, Logos und Informationsmaterial, das Sie f\u00fcr Ihre Berichterstattung gerne verwenden d\u00fcrfen.<\/p>\n<p>Bitte nehmen Sie <a href=\"cornelia-fink.de\/kontakt\">Kontakt<\/a> mit mir auf, wenn Sie Fragen haben oder auch weiteres Material ben\u00f6tigen. Ich stehe Ihnen sehr gerne zur Verf\u00fcgung.<\/p>\n<p>[\/et_pb_text][\/et_pb_column][\/et_pb_row][\/et_pb_section][et_pb_section fb_built=&#8221;1&#8243; admin_label=&#8221;About Us &#8221; _builder_version=&#8221;4.16&#8243; custom_margin=&#8221;||-39px|||&#8221; custom_padding=&#8221;0px|0px|60px|0px||&#8221; border_color_top=&#8221;#cc8c82&#8243; global_colors_info=&#8221;{}&#8221;][et_pb_row _builder_version=&#8221;4.16&#8243; _module_preset=&#8221;default&#8221; custom_margin=&#8221;50px|auto||auto|false|false&#8221; global_colors_info=&#8221;{}&#8221;][et_pb_column type=&#8221;4_4&#8243; _builder_version=&#8221;4.16&#8243; _module_preset=&#8221;default&#8221; global_colors_info=&#8221;{}&#8221;][et_pb_testimonial portrait_url=&#8221;http:\/\/cfink.dikonzept.cloud\/wp-content\/uploads\/2021\/10\/Presseartikel.jpg&#8221; quote_icon=&#8221;off&#8221; _builder_version=&#8221;4.16&#8243; _module_preset=&#8221;default&#8221; author_font=&#8221;Montez|700|||||||&#8221; author_font_size=&#8221;22px&#8221; author_line_height=&#8221;1em&#8221; animation_style=&#8221;slide&#8221; animation_intensity_slide=&#8221;10%&#8221; animation_starting_opacity=&#8221;100%&#8221; box_shadow_style=&#8221;preset3&#8243; global_colors_info=&#8221;{}&#8221;]<\/p>\n<p class=\"x_MsoNormal\">Cornelia Fink ist studierte S\u00e4ngerin, Schauspielerin, Regisseurin und P\u00e4dagogin. Neben ihrer T\u00e4tigkeit auf der B\u00fchne und als Trainerin f\u00fcr Gesang und \u201eSprechkunst\u201c unterst\u00fctzt sie seit 35 Jahren Menschen dabei, ihren eigenen, authentischen Weg zu finden. Sie gibt \u201eder Stimme eine Stimme\u201c, und legt so noch unbewusste Potenziale in der Pers\u00f6nlichkeit frei.<\/p>\n<p class=\"x_MsoNormal\">Als Autorin schrieb sie bisher vor allem Theatertexte, Musicals und ein Kinderbuch. Im August diesen Jahres erschien ihr erster Roman dem Titel \u201eDer Weg hinter die Spiegel\u201c, den sie\u00a0 gemeinsam mit ihrer Tochter Clara Fink geschrieben hat.<\/p>\n<p>[\/et_pb_testimonial][\/et_pb_column][\/et_pb_row][et_pb_row column_structure=&#8221;3_5,2_5&#8243; _builder_version=&#8221;4.16&#8243; width=&#8221;60%&#8221; module_alignment=&#8221;center&#8221; custom_margin=&#8221;|auto||119px|false|false&#8221; custom_padding=&#8221;||0px|3px||&#8221; global_colors_info=&#8221;{}&#8221;][et_pb_column type=&#8221;3_5&#8243; _builder_version=&#8221;4.16&#8243; background_color_gradient_direction=&#8221;35deg&#8221; custom_padding=&#8221;|60px||&#8221; global_colors_info=&#8221;{}&#8221; custom_padding__hover=&#8221;|||&#8221;][et_pb_blurb title=&#8221;Logo Stimmwege&#8221; use_icon=&#8221;on&#8221; font_icon=&#8221;&#x22;||divi||400&#8243; icon_color=&#8221;#424242&#8243; icon_placement=&#8221;left&#8221; image_icon_width=&#8221;23px&#8221; _builder_version=&#8221;4.16&#8243; _module_preset=&#8221;default&#8221; link_option_url=&#8221;http:\/\/cfink.dikonzept.cloud\/wp-content\/uploads\/2021\/10\/Stimmwege2-scaled-1.jpg&#8221; link_option_url_new_window=&#8221;on&#8221; icon_font_size=&#8221;23px&#8221; global_colors_info=&#8221;{}&#8221;][\/et_pb_blurb][\/et_pb_column][et_pb_column type=&#8221;2_5&#8243; _builder_version=&#8221;4.16&#8243; background_color_gradient_direction=&#8221;115deg&#8221; custom_padding=&#8221;|||&#8221; global_colors_info=&#8221;{}&#8221; custom_padding__hover=&#8221;|||&#8221;][et_pb_image src=&#8221;http:\/\/cfink.dikonzept.cloud\/wp-content\/uploads\/2021\/10\/Stimmwege2-scaled-1.jpg&#8221; title_text=&#8221;Stimmwege2&#8243; url=&#8221;http:\/\/cfink.dikonzept.cloud\/wp-content\/uploads\/2021\/10\/Stimmwege2-scaled-1.jpg&#8221; url_new_window=&#8221;on&#8221; _builder_version=&#8221;4.16&#8243; _module_preset=&#8221;default&#8221; width=&#8221;25%&#8221; global_colors_info=&#8221;{}&#8221;][\/et_pb_image][\/et_pb_column][\/et_pb_row][et_pb_row column_structure=&#8221;3_5,2_5&#8243; _builder_version=&#8221;4.16&#8243; width=&#8221;60%&#8221; module_alignment=&#8221;center&#8221; custom_margin=&#8221;|auto||119px|false|false&#8221; custom_padding=&#8221;|||3px||&#8221; global_colors_info=&#8221;{}&#8221;][et_pb_column type=&#8221;3_5&#8243; _builder_version=&#8221;4.16&#8243; background_color_gradient_direction=&#8221;35deg&#8221; custom_padding=&#8221;|60px||&#8221; global_colors_info=&#8221;{}&#8221; custom_padding__hover=&#8221;|||&#8221;][et_pb_blurb title=&#8221;Buchcover %22Der Weg hinter die Spiegel%22&#8243; url=&#8221;http:\/\/cfink.dikonzept.cloud\/wp-content\/uploads\/2021\/10\/der-weg-hinter-den-spiegel-1.jpg&#8221; url_new_window=&#8221;on&#8221; use_icon=&#8221;on&#8221; font_icon=&#8221;&#x22;||divi||400&#8243; icon_color=&#8221;#424242&#8243; icon_placement=&#8221;left&#8221; image_icon_width=&#8221;23px&#8221; _builder_version=&#8221;4.16&#8243; _module_preset=&#8221;default&#8221; custom_margin=&#8221;44px|||||&#8221; link_option_url=&#8221;http:\/\/cfink.dikonzept.cloud\/wp-content\/uploads\/2021\/10\/der-weg-hinter-den-spiegel-1.jpg&#8221; link_option_url_new_window=&#8221;on&#8221; icon_font_size=&#8221;23px&#8221; global_colors_info=&#8221;{}&#8221;][\/et_pb_blurb][\/et_pb_column][et_pb_column type=&#8221;2_5&#8243; _builder_version=&#8221;4.16&#8243; background_color_gradient_direction=&#8221;115deg&#8221; custom_padding=&#8221;|||&#8221; global_colors_info=&#8221;{}&#8221; custom_padding__hover=&#8221;|||&#8221;][et_pb_image src=&#8221;http:\/\/cfink.dikonzept.cloud\/wp-content\/uploads\/2021\/10\/der-weg-hinter-den-spiegel-1.jpg&#8221; title_text=&#8221;der-weg-hinter-den-spiegel (1)&#8221; url=&#8221;http:\/\/cfink.dikonzept.cloud\/wp-content\/uploads\/2021\/10\/der-weg-hinter-den-spiegel-1.jpg&#8221; _builder_version=&#8221;4.16&#8243; _module_preset=&#8221;default&#8221; width=&#8221;25%&#8221; global_colors_info=&#8221;{}&#8221;][\/et_pb_image][\/et_pb_column][\/et_pb_row][et_pb_row column_structure=&#8221;3_5,2_5&#8243; _builder_version=&#8221;4.16&#8243; width=&#8221;60%&#8221; module_alignment=&#8221;center&#8221; custom_margin=&#8221;|auto||119px|false|false&#8221; custom_padding=&#8221;|||3px||&#8221; global_colors_info=&#8221;{}&#8221;][et_pb_column type=&#8221;3_5&#8243; _builder_version=&#8221;4.16&#8243; background_color_gradient_direction=&#8221;35deg&#8221; custom_padding=&#8221;|60px||&#8221; global_colors_info=&#8221;{}&#8221; custom_padding__hover=&#8221;|||&#8221;][et_pb_blurb title=&#8221;Bild Vorstellung Buchmesse&#8221; use_icon=&#8221;on&#8221; font_icon=&#8221;&#x22;||divi||400&#8243; icon_color=&#8221;#424242&#8243; icon_placement=&#8221;left&#8221; image_icon_width=&#8221;23px&#8221; _builder_version=&#8221;4.16&#8243; _module_preset=&#8221;default&#8221; link_option_url=&#8221;http:\/\/cfink.dikonzept.cloud\/wp-content\/uploads\/2021\/10\/Stimmwege2-scaled-1.jpg&#8221; link_option_url_new_window=&#8221;on&#8221; icon_font_size=&#8221;23px&#8221; global_colors_info=&#8221;{}&#8221;][\/et_pb_blurb][\/et_pb_column][et_pb_column type=&#8221;2_5&#8243; _builder_version=&#8221;4.16&#8243; background_color_gradient_direction=&#8221;115deg&#8221; custom_padding=&#8221;|||&#8221; global_colors_info=&#8221;{}&#8221; custom_padding__hover=&#8221;|||&#8221;][et_pb_gallery gallery_ids=&#8221;993,371&#8243; posts_number=&#8221;2&#8243; show_title_and_caption=&#8221;off&#8221; show_pagination=&#8221;off&#8221; _builder_version=&#8221;4.16&#8243; _module_preset=&#8221;default&#8221; global_colors_info=&#8221;{}&#8221;][\/et_pb_gallery][\/et_pb_column][\/et_pb_row][et_pb_row column_structure=&#8221;3_5,2_5&#8243; _builder_version=&#8221;4.16&#8243; width=&#8221;60%&#8221; module_alignment=&#8221;center&#8221; custom_margin=&#8221;|auto||119px|false|false&#8221; custom_padding=&#8221;|||3px||&#8221; global_colors_info=&#8221;{}&#8221;][et_pb_column type=&#8221;3_5&#8243; _builder_version=&#8221;4.16&#8243; background_color_gradient_direction=&#8221;35deg&#8221; custom_padding=&#8221;|60px||&#8221; global_colors_info=&#8221;{}&#8221; custom_padding__hover=&#8221;|||&#8221;][et_pb_blurb title=&#8221;Bild Autorinnen&#8221; url=&#8221;http:\/\/cfink.dikonzept.cloud\/wp-content\/uploads\/2021\/10\/clara-fink-cornlia-Kopie-300dpi.jpg&#8221; url_new_window=&#8221;on&#8221; use_icon=&#8221;on&#8221; font_icon=&#8221;&#x22;||divi||400&#8243; icon_color=&#8221;#424242&#8243; icon_placement=&#8221;left&#8221; image_icon_width=&#8221;23px&#8221; _builder_version=&#8221;4.16&#8243; _module_preset=&#8221;default&#8221; link_option_url=&#8221;http:\/\/cfink.dikonzept.cloud\/wp-content\/uploads\/2021\/10\/clara-fink-cornlia-Kopie-300dpi.jpg&#8221; link_option_url_new_window=&#8221;on&#8221; icon_font_size=&#8221;23px&#8221; global_colors_info=&#8221;{}&#8221;][\/et_pb_blurb][\/et_pb_column][et_pb_column type=&#8221;2_5&#8243; _builder_version=&#8221;4.16&#8243; background_color_gradient_direction=&#8221;115deg&#8221; custom_padding=&#8221;|||&#8221; global_colors_info=&#8221;{}&#8221; custom_padding__hover=&#8221;|||&#8221;][et_pb_image src=&#8221;http:\/\/cfink.dikonzept.cloud\/wp-content\/uploads\/2021\/10\/clara-fink-cornlia-Kopie-300dpi.jpg&#8221; title_text=&#8221;clara-fink-cornlia Kopie 300dpi&#8221; url=&#8221;http:\/\/cfink.dikonzept.cloud\/wp-content\/uploads\/2021\/10\/Autorinnen.zip&#8221; _builder_version=&#8221;4.16&#8243; _module_preset=&#8221;default&#8221; global_colors_info=&#8221;{}&#8221;][\/et_pb_image][\/et_pb_column][\/et_pb_row][et_pb_row column_structure=&#8221;3_5,2_5&#8243; _builder_version=&#8221;4.16&#8243; width=&#8221;60%&#8221; module_alignment=&#8221;center&#8221; custom_margin=&#8221;|auto||119px|false|false&#8221; custom_padding=&#8221;|||3px||&#8221; global_colors_info=&#8221;{}&#8221;][et_pb_column type=&#8221;3_5&#8243; _builder_version=&#8221;4.16&#8243; background_color_gradient_direction=&#8221;35deg&#8221; custom_padding=&#8221;|60px||&#8221; global_colors_info=&#8221;{}&#8221; custom_padding__hover=&#8221;|||&#8221;][et_pb_blurb title=&#8221;Bilder Cornelia Fink&#8221; url=&#8221;http:\/\/cfink.dikonzept.cloud\/wp-content\/uploads\/2021\/10\/Bilder-Cornelia-Presse-1.zip&#8221; url_new_window=&#8221;on&#8221; use_icon=&#8221;on&#8221; font_icon=&#8221;&#x22;||divi||400&#8243; icon_color=&#8221;#424242&#8243; icon_placement=&#8221;left&#8221; image_icon_width=&#8221;23px&#8221; _builder_version=&#8221;4.16&#8243; _module_preset=&#8221;default&#8221; link_option_url=&#8221;http:\/\/cfink.dikonzept.cloud\/wp-content\/uploads\/2021\/10\/Bilder-Cornelia-Presse-1.zip&#8221; link_option_url_new_window=&#8221;on&#8221; icon_font_size=&#8221;23px&#8221; global_colors_info=&#8221;{}&#8221;][\/et_pb_blurb][\/et_pb_column][et_pb_column type=&#8221;2_5&#8243; _builder_version=&#8221;4.16&#8243; background_color_gradient_direction=&#8221;115deg&#8221; custom_padding=&#8221;|||&#8221; global_colors_info=&#8221;{}&#8221; custom_padding__hover=&#8221;|||&#8221;][et_pb_gallery gallery_ids=&#8221;989,990,991,992,379&#8243; posts_number=&#8221;6&#8243; show_title_and_caption=&#8221;off&#8221; show_pagination=&#8221;off&#8221; _builder_version=&#8221;4.17.0&#8243; _module_preset=&#8221;default&#8221; width=&#8221;50%&#8221; link_option_url=&#8221;http:\/\/cfink.dikonzept.cloud\/wp-content\/uploads\/2021\/10\/Bilder-Cornelia-Fink.zip&#8221; global_colors_info=&#8221;{}&#8221;][\/et_pb_gallery][et_pb_image src=&#8221;http:\/\/cfink.dikonzept.cloud\/wp-content\/uploads\/2022\/04\/Cornelia-c-Fink-scaled-1.jpg&#8221; title_text=&#8221;Cornelia c Fink&#8221; _builder_version=&#8221;4.17.0&#8243; _module_preset=&#8221;default&#8221; width=&#8221;52%&#8221; global_colors_info=&#8221;{}&#8221;][\/et_pb_image][\/et_pb_column][\/et_pb_row][\/et_pb_section][et_pb_section fb_built=&#8221;1&#8243; fullwidth=&#8221;on&#8221; _builder_version=&#8221;4.17.3&#8243; _module_preset=&#8221;default&#8221; global_colors_info=&#8221;{}&#8221; global_module=&#8221;2662&#8243; theme_builder_area=&#8221;post_content&#8221;][et_pb_fullwidth_header title=&#8221;Abonniere jetzt meinen Newsletter&#8221; button_one_text=&#8221;Jetzt abonnieren&#8221; button_one_url=&#8221;@ET-DC@eyJkeW5hbWljIjp0cnVlLCJjb250ZW50IjoicG9zdF9saW5rX3VybF9wYWdlIiwic2V0dGluZ3MiOnsicG9zdF9pZCI6IjI1ODUifX0=@&#8221; header_image_url=&#8221;http:\/\/cfink.dikonzept.cloud\/wp-content\/uploads\/2022\/04\/1-11-scaled-1.jpg&#8221; _builder_version=&#8221;4.17.0&#8243; _dynamic_attributes=&#8221;button_one_url&#8221; _module_preset=&#8221;default&#8221; global_colors_info=&#8221;{}&#8221; theme_builder_area=&#8221;post_content&#8221;]<\/p>\n<p>Du bekommst wertvolle Informationen zu Deiner inneren und \u00e4u\u00dferen Stimme, wie Du Deine und andere Stimme &#8220;lesen&#8221; lernst, dich erfolgreich pr\u00e4sentierst, Hintergrundinformationen zu meinen B\u00fcchern und nat\u00fcrlich noch ein wenig Lesefutter.<\/p>\n<p>[\/et_pb_fullwidth_header][\/et_pb_section]<\/p>\n","protected":false},"excerpt":{"rendered":"<p>Herzlich Willkommen im Downloadbereichf\u00fcr Journalisten, Podcaster und Medien.Hier finden Sie Bilder, Logos und Informationsmaterial, das Sie f\u00fcr Ihre Berichterstattung gerne [&hellip;]<\/p>\n","protected":false},"author":1,"featured_media":0,"parent":0,"menu_order":0,"comment_status":"closed","ping_status":"closed","template":"","meta":{"_et_pb_use_builder":"on","_et_pb_old_content":"","_et_gb_content_width":"","footnotes":""},"class_list":["post-23","page","type-page","status-publish","hentry"],"_links":{"self":[{"href":"https:\/\/cfink.dikonzept.cloud\/index.php?rest_route=\/wp\/v2\/pages\/23","targetHints":{"allow":["GET"]}}],"collection":[{"href":"https:\/\/cfink.dikonzept.cloud\/index.php?rest_route=\/wp\/v2\/pages"}],"about":[{"href":"https:\/\/cfink.dikonzept.cloud\/index.php?rest_route=\/wp\/v2\/types\/page"}],"author":[{"embeddable":true,"href":"https:\/\/cfink.dikonzept.cloud\/index.php?rest_route=\/wp\/v2\/users\/1"}],"replies":[{"embeddable":true,"href":"https:\/\/cfink.dikonzept.cloud\/index.php?rest_route=%2Fwp%2Fv2%2Fcomments&post=23"}],"version-history":[{"count":0,"href":"https:\/\/cfink.dikonzept.cloud\/index.php?rest_route=\/wp\/v2\/pages\/23\/revisions"}],"wp:attachment":[{"href":"https:\/\/cfink.dikonzept.cloud\/index.php?rest_route=%2Fwp%2Fv2%2Fmedia&parent=23"}],"curies":[{"name":"wp","href":"https:\/\/api.w.org\/{rel}","templated":true}]}}